{"id":48826,"date":"2025-05-08T00:35:47","date_gmt":"2025-05-08T00:35:47","guid":{"rendered":"https:\/\/pikaboo.ma\/?post_type=product&#038;p=48826"},"modified":"2025-05-21T14:58:17","modified_gmt":"2025-05-21T14:58:17","slug":"coffret-de-naissance-4-pieces-avec-mouffles-et-couverture-epaisse","status":"publish","type":"product","link":"https:\/\/pikaboo.ma\/index.php\/produit\/coffret-de-naissance-4-pieces-avec-mouffles-et-couverture-epaisse\/","title":{"rendered":"Coffret de naissance &#8211; 4 pi\u00e8ces avec mouffles et couverture \u00e9paisse"},"content":{"rendered":"<p>Coffret de naissance tout en douceur compos\u00e9 de 4 pi\u00e8ces assorties : une grenouill\u00e8re avec son petit gilet int\u00e9gr\u00e9, un bonnet douillet, un bavoir pratique et une couverture enveloppante. L\u2019ensemble id\u00e9al pour accueillir b\u00e9b\u00e9 avec tendresse et style.<\/p>\n","protected":false},"excerpt":{"rendered":"<p>Coffret de naissance tout en douceur compos\u00e9 de 4 pi\u00e8ces assorties : une grenouill\u00e8re avec son petit gilet int\u00e9gr\u00e9, un bonnet douillet, un bavoir pratique et une couverture enveloppante. L\u2019ensemble id\u00e9al pour accueillir b\u00e9b\u00e9 avec tendresse et style.<\/p>\n","protected":false},"featured_media":48715,"template":"","meta":[],"product_brand":[],"product_cat":[50,19],"product_tag":[],"class_list":{"0":"post-48826","1":"product","2":"type-product","3":"status-publish","4":"has-post-thumbnail","6":"product_cat-garcon","7":"product_cat-ensembles-garcon","10":"first","11":"instock","12":"purchasable","13":"product-type-variable"},"aioseo_notices":[],"jetpack_sharing_enabled":true,"_links":{"self":[{"href":"https:\/\/pikaboo.ma\/index.php\/wp-json\/wp\/v2\/product\/48826","targetHints":{"allow":["GET"]}}],"collection":[{"href":"https:\/\/pikaboo.ma\/index.php\/wp-json\/wp\/v2\/product"}],"about":[{"href":"https:\/\/pikaboo.ma\/index.php\/wp-json\/wp\/v2\/types\/product"}],"version-history":[{"count":2,"href":"https:\/\/pikaboo.ma\/index.php\/wp-json\/wp\/v2\/product\/48826\/revisions"}],"predecessor-version":[{"id":49300,"href":"https:\/\/pikaboo.ma\/index.php\/wp-json\/wp\/v2\/product\/48826\/revisions\/49300"}],"wp:featuredmedia":[{"embeddable":true,"href":"https:\/\/pikaboo.ma\/index.php\/wp-json\/wp\/v2\/media\/48715"}],"wp:attachment":[{"href":"https:\/\/pikaboo.ma\/index.php\/wp-json\/wp\/v2\/media?parent=48826"}],"wp:term":[{"taxonomy":"product_brand","embeddable":true,"href":"https:\/\/pikaboo.ma\/index.php\/wp-json\/wp\/v2\/product_brand?post=48826"},{"taxonomy":"product_cat","embeddable":true,"href":"https:\/\/pikaboo.ma\/index.php\/wp-json\/wp\/v2\/product_cat?post=48826"},{"taxonomy":"product_tag","embeddable":true,"href":"https:\/\/pikaboo.ma\/index.php\/wp-json\/wp\/v2\/product_tag?post=48826"}],"curies":[{"name":"wp","href":"https:\/\/api.w.org\/{rel}","templated":true}]}}