{"id":48865,"date":"2025-05-08T00:35:55","date_gmt":"2025-05-08T00:35:55","guid":{"rendered":"https:\/\/pikaboo.ma\/?post_type=product&#038;p=48865"},"modified":"2025-11-28T10:39:18","modified_gmt":"2025-11-28T10:39:18","slug":"cardigan-a-capuche-ouson-marron","status":"publish","type":"product","link":"https:\/\/pikaboo.ma\/index.php\/produit\/cardigan-a-capuche-ouson-marron\/","title":{"rendered":"Cardigan \u00e0 capuche ouson marron"},"content":{"rendered":"<p>Un essentiel tout doux pour les journ\u00e9es fra\u00c3\u00aeches : ce cardigan \u00e0 capuche enveloppe b\u00e9b\u00e9 de confort tout en ajoutant une touche de style \u00e0 ses tenues du quotidien.<\/p>\n","protected":false},"excerpt":{"rendered":"<p>Un essentiel tout doux pour les journ\u00e9es fra\u00eeches : ce cardigan \u00e0 capuche enveloppe b\u00e9b\u00e9 de confort tout en ajoutant une touche de style \u00e0 ses tenues du quotidien.<\/p>\n","protected":false},"featured_media":48719,"template":"","meta":[],"product_brand":[],"product_cat":[50,187],"product_tag":[],"class_list":{"0":"post-48865","1":"product","2":"type-product","3":"status-publish","4":"has-post-thumbnail","6":"product_cat-garcon","7":"product_cat-gilets-cardigans-garcon","10":"first","11":"instock","12":"purchasable","13":"product-type-variable"},"aioseo_notices":[],"jetpack_sharing_enabled":true,"_links":{"self":[{"href":"https:\/\/pikaboo.ma\/index.php\/wp-json\/wp\/v2\/product\/48865","targetHints":{"allow":["GET"]}}],"collection":[{"href":"https:\/\/pikaboo.ma\/index.php\/wp-json\/wp\/v2\/product"}],"about":[{"href":"https:\/\/pikaboo.ma\/index.php\/wp-json\/wp\/v2\/types\/product"}],"version-history":[{"count":3,"href":"https:\/\/pikaboo.ma\/index.php\/wp-json\/wp\/v2\/product\/48865\/revisions"}],"predecessor-version":[{"id":50064,"href":"https:\/\/pikaboo.ma\/index.php\/wp-json\/wp\/v2\/product\/48865\/revisions\/50064"}],"wp:featuredmedia":[{"embeddable":true,"href":"https:\/\/pikaboo.ma\/index.php\/wp-json\/wp\/v2\/media\/48719"}],"wp:attachment":[{"href":"https:\/\/pikaboo.ma\/index.php\/wp-json\/wp\/v2\/media?parent=48865"}],"wp:term":[{"taxonomy":"product_brand","embeddable":true,"href":"https:\/\/pikaboo.ma\/index.php\/wp-json\/wp\/v2\/product_brand?post=48865"},{"taxonomy":"product_cat","embeddable":true,"href":"https:\/\/pikaboo.ma\/index.php\/wp-json\/wp\/v2\/product_cat?post=48865"},{"taxonomy":"product_tag","embeddable":true,"href":"https:\/\/pikaboo.ma\/index.php\/wp-json\/wp\/v2\/product_tag?post=48865"}],"curies":[{"name":"wp","href":"https:\/\/api.w.org\/{rel}","templated":true}]}}