{"id":48870,"date":"2025-05-08T00:35:55","date_gmt":"2025-05-08T00:35:55","guid":{"rendered":"https:\/\/pikaboo.ma\/?post_type=product&#038;p=48870"},"modified":"2025-05-21T13:59:48","modified_gmt":"2025-05-21T13:59:48","slug":"tenue-de-sortie-wild-boy-marron-avec-jean-et-bomber","status":"publish","type":"product","link":"https:\/\/pikaboo.ma\/index.php\/produit\/tenue-de-sortie-wild-boy-marron-avec-jean-et-bomber\/","title":{"rendered":"Tenue de sortie wild boy marron avec jean et bomber"},"content":{"rendered":"<p>Un look de petit champion d\u00e8s le jeune \u00e2ge: cet ensemble de sortie pour b\u00e9b\u00e9 gar\u00e7on associe un jean marron uni confortable \u00e0 un blouson beige de baseball , ferm\u00e9e par boutons pression, avec finitions contrast\u00e9es pour une allure sportive et \u00e9l\u00e9gante.<\/p>\n","protected":false},"excerpt":{"rendered":"<p>Un look de petit champion d\u00e8s le jeune \u00e2ge: cet ensemble de sortie pour b\u00e9b\u00e9 gar\u00e7on associe un jean marron uni confortable \u00e0 un blouson beige de baseball , ferm\u00e9e par boutons pression, avec finitions contrast\u00e9es pour une allure sportive et \u00e9l\u00e9gante.<\/p>\n","protected":false},"featured_media":48721,"template":"","meta":[],"product_brand":[],"product_cat":[50,19],"product_tag":[],"class_list":{"0":"post-48870","1":"product","2":"type-product","3":"status-publish","4":"has-post-thumbnail","6":"product_cat-garcon","7":"product_cat-ensembles-garcon","10":"first","11":"instock","12":"featured","13":"purchasable","14":"product-type-variable"},"aioseo_notices":[],"jetpack_sharing_enabled":true,"_links":{"self":[{"href":"https:\/\/pikaboo.ma\/index.php\/wp-json\/wp\/v2\/product\/48870","targetHints":{"allow":["GET"]}}],"collection":[{"href":"https:\/\/pikaboo.ma\/index.php\/wp-json\/wp\/v2\/product"}],"about":[{"href":"https:\/\/pikaboo.ma\/index.php\/wp-json\/wp\/v2\/types\/product"}],"version-history":[{"count":3,"href":"https:\/\/pikaboo.ma\/index.php\/wp-json\/wp\/v2\/product\/48870\/revisions"}],"predecessor-version":[{"id":50065,"href":"https:\/\/pikaboo.ma\/index.php\/wp-json\/wp\/v2\/product\/48870\/revisions\/50065"}],"wp:featuredmedia":[{"embeddable":true,"href":"https:\/\/pikaboo.ma\/index.php\/wp-json\/wp\/v2\/media\/48721"}],"wp:attachment":[{"href":"https:\/\/pikaboo.ma\/index.php\/wp-json\/wp\/v2\/media?parent=48870"}],"wp:term":[{"taxonomy":"product_brand","embeddable":true,"href":"https:\/\/pikaboo.ma\/index.php\/wp-json\/wp\/v2\/product_brand?post=48870"},{"taxonomy":"product_cat","embeddable":true,"href":"https:\/\/pikaboo.ma\/index.php\/wp-json\/wp\/v2\/product_cat?post=48870"},{"taxonomy":"product_tag","embeddable":true,"href":"https:\/\/pikaboo.ma\/index.php\/wp-json\/wp\/v2\/product_tag?post=48870"}],"curies":[{"name":"wp","href":"https:\/\/api.w.org\/{rel}","templated":true}]}}