{"id":48875,"date":"2025-05-08T00:35:55","date_gmt":"2025-05-08T00:35:55","guid":{"rendered":"https:\/\/pikaboo.ma\/?post_type=product&#038;p=48875"},"modified":"2025-05-21T14:05:47","modified_gmt":"2025-05-21T14:05:47","slug":"coffret-bebe-5-pieces-doux-en-coton-avec-bavoir-a-col-et-petite-etoile","status":"publish","type":"product","link":"https:\/\/pikaboo.ma\/index.php\/produit\/coffret-bebe-5-pieces-doux-en-coton-avec-bavoir-a-col-et-petite-etoile\/","title":{"rendered":"Coffret B\u00e9b\u00e9 5 Pi\u00e8ces Doux en Coton avec bavoir \u00e0 col et petite \u00e9toile"},"content":{"rendered":"<p>Ensemble tout en douceur, comme un c\u00e2lin : un bonnet, des moufles, un pantalon et un haut assortis, compl\u00e9t\u00e9s par un bavoir au col styl\u00e9. Le tout confectionn\u00e9 en coton nuageux, pour envelopper b\u00e9b\u00e9 de tendresse et de confort \u00e0 chaque moment.<\/p>\n","protected":false},"excerpt":{"rendered":"<p>Ensemble tout en douceur, comme un c\u00e2lin : un bonnet, des moufles, un pantalon et un haut assortis, compl\u00e9t\u00e9s par un bavoir au col styl\u00e9. Le tout confectionn\u00e9 en coton nuageux, pour envelopper b\u00e9b\u00e9 de tendresse et de confort \u00e0 chaque moment.<\/p>\n","protected":false},"featured_media":48725,"template":"","meta":[],"product_brand":[],"product_cat":[50,19],"product_tag":[],"class_list":{"0":"post-48875","1":"product","2":"type-product","3":"status-publish","4":"has-post-thumbnail","6":"product_cat-garcon","7":"product_cat-ensembles-garcon","10":"first","11":"instock","12":"featured","13":"purchasable","14":"product-type-simple"},"aioseo_notices":[],"jetpack_sharing_enabled":true,"_links":{"self":[{"href":"https:\/\/pikaboo.ma\/index.php\/wp-json\/wp\/v2\/product\/48875","targetHints":{"allow":["GET"]}}],"collection":[{"href":"https:\/\/pikaboo.ma\/index.php\/wp-json\/wp\/v2\/product"}],"about":[{"href":"https:\/\/pikaboo.ma\/index.php\/wp-json\/wp\/v2\/types\/product"}],"version-history":[{"count":2,"href":"https:\/\/pikaboo.ma\/index.php\/wp-json\/wp\/v2\/product\/48875\/revisions"}],"predecessor-version":[{"id":49312,"href":"https:\/\/pikaboo.ma\/index.php\/wp-json\/wp\/v2\/product\/48875\/revisions\/49312"}],"wp:featuredmedia":[{"embeddable":true,"href":"https:\/\/pikaboo.ma\/index.php\/wp-json\/wp\/v2\/media\/48725"}],"wp:attachment":[{"href":"https:\/\/pikaboo.ma\/index.php\/wp-json\/wp\/v2\/media?parent=48875"}],"wp:term":[{"taxonomy":"product_brand","embeddable":true,"href":"https:\/\/pikaboo.ma\/index.php\/wp-json\/wp\/v2\/product_brand?post=48875"},{"taxonomy":"product_cat","embeddable":true,"href":"https:\/\/pikaboo.ma\/index.php\/wp-json\/wp\/v2\/product_cat?post=48875"},{"taxonomy":"product_tag","embeddable":true,"href":"https:\/\/pikaboo.ma\/index.php\/wp-json\/wp\/v2\/product_tag?post=48875"}],"curies":[{"name":"wp","href":"https:\/\/api.w.org\/{rel}","templated":true}]}}