{"id":48881,"date":"2025-05-08T00:35:56","date_gmt":"2025-05-08T00:35:56","guid":{"rendered":"https:\/\/pikaboo.ma\/?post_type=product&#038;p=48881"},"modified":"2025-05-21T13:30:47","modified_gmt":"2025-05-21T13:30:47","slug":"ensemble-bebe-3-pieces-etoile-avec-body-et-veste-boutonnee-a-col","status":"publish","type":"product","link":"https:\/\/pikaboo.ma\/index.php\/produit\/ensemble-bebe-3-pieces-etoile-avec-body-et-veste-boutonnee-a-col\/","title":{"rendered":"Ensemble b\u00e9b\u00e9 3 pi\u00e8ces \u00e9toile avec body et veste boutonn\u00e9e \u00e0 col"},"content":{"rendered":"<p>Ensemble plein de charme : un pantalon avec une petite \u00e9toile qui pend de la poche pour une touche ludique, un body \u00e0 demi-manches d\u00e9licatement brod\u00e9 d\u2019une \u00e9toile, et un gilet boutonn\u00e9 au col \u00e9l\u00e9gant. Un look tendre et raffin\u00e9 pour b\u00e9b\u00e9.<\/p>\n","protected":false},"excerpt":{"rendered":"<p>Ensemble plein de charme : un pantalon avec une petite \u00e9toile qui pend de la poche pour une touche ludique, un body \u00e0 demi-manches d\u00e9licatement brod\u00e9 d\u2019une \u00e9toile, et un gilet boutonn\u00e9 au col \u00e9l\u00e9gant. Un look tendre et raffin\u00e9 pour b\u00e9b\u00e9.<\/p>\n","protected":false},"featured_media":48727,"template":"","meta":[],"product_brand":[],"product_cat":[40,41],"product_tag":[],"class_list":{"0":"post-48881","1":"product","2":"type-product","3":"status-publish","4":"has-post-thumbnail","6":"product_cat-fille","7":"product_cat-ensembles-fille","10":"first","11":"instock","12":"purchasable","13":"product-type-variable"},"aioseo_notices":[],"jetpack_sharing_enabled":true,"_links":{"self":[{"href":"https:\/\/pikaboo.ma\/index.php\/wp-json\/wp\/v2\/product\/48881","targetHints":{"allow":["GET"]}}],"collection":[{"href":"https:\/\/pikaboo.ma\/index.php\/wp-json\/wp\/v2\/product"}],"about":[{"href":"https:\/\/pikaboo.ma\/index.php\/wp-json\/wp\/v2\/types\/product"}],"version-history":[{"count":2,"href":"https:\/\/pikaboo.ma\/index.php\/wp-json\/wp\/v2\/product\/48881\/revisions"}],"predecessor-version":[{"id":49315,"href":"https:\/\/pikaboo.ma\/index.php\/wp-json\/wp\/v2\/product\/48881\/revisions\/49315"}],"wp:featuredmedia":[{"embeddable":true,"href":"https:\/\/pikaboo.ma\/index.php\/wp-json\/wp\/v2\/media\/48727"}],"wp:attachment":[{"href":"https:\/\/pikaboo.ma\/index.php\/wp-json\/wp\/v2\/media?parent=48881"}],"wp:term":[{"taxonomy":"product_brand","embeddable":true,"href":"https:\/\/pikaboo.ma\/index.php\/wp-json\/wp\/v2\/product_brand?post=48881"},{"taxonomy":"product_cat","embeddable":true,"href":"https:\/\/pikaboo.ma\/index.php\/wp-json\/wp\/v2\/product_cat?post=48881"},{"taxonomy":"product_tag","embeddable":true,"href":"https:\/\/pikaboo.ma\/index.php\/wp-json\/wp\/v2\/product_tag?post=48881"}],"curies":[{"name":"wp","href":"https:\/\/api.w.org\/{rel}","templated":true}]}}