{"id":49032,"date":"2025-05-08T00:36:20","date_gmt":"2025-05-08T00:36:20","guid":{"rendered":"https:\/\/pikaboo.ma\/?post_type=product&#038;p=49032"},"modified":"2025-05-21T11:14:12","modified_gmt":"2025-05-21T11:14:12","slug":"combinaison-effet-lin-avec-col-banane","status":"publish","type":"product","link":"https:\/\/pikaboo.ma\/index.php\/produit\/combinaison-effet-lin-avec-col-banane\/","title":{"rendered":"Combinaison effet lin avec col banane"},"content":{"rendered":"<p>Offrez \u00e0 votre petit tr\u00e9sor une touche d&#8217;\u00e9l\u00e9gance avec cette combinaison effet lin, sublim\u00e9e par un d\u00e9licat col banane. Con\u00e7ue pour le confort, sa texture douce caresse la peau d\u00e9licate de b\u00e9b\u00e9, tout en ajoutant une note chic \u00e0 ses tenues. Parfaite pour les promenades ou les occasions sp\u00e9ciales, cette pi\u00e8ce intemporelle c\u00e9l\u00e8bre la magie de l&#8217;enfance avec style.<\/p>\n","protected":false},"excerpt":{"rendered":"<p>Offrez \u00e0 votre petit tr\u00e9sor une touche d&#8217;\u00e9l\u00e9gance avec cette combinaison effet lin, sublim\u00e9e par un d\u00e9licat col banane. Con\u00e7ue pour le confort, sa texture douce caresse la peau d\u00e9licate de b\u00e9b\u00e9, tout en ajoutant une note chic \u00e0 ses tenues. Parfaite pour les promenades ou les occasions sp\u00e9ciales, cette pi\u00e8ce intemporelle c\u00e9l\u00e8bre la magie de l&#8217;enfance avec style.<\/p>\n","protected":false},"featured_media":48751,"template":"","meta":[],"product_brand":[],"product_cat":[40,51],"product_tag":[],"class_list":{"0":"post-49032","1":"product","2":"type-product","3":"status-publish","4":"has-post-thumbnail","6":"product_cat-fille","7":"product_cat-combinaisons-fille","10":"first","11":"instock","12":"purchasable","13":"product-type-variable"},"aioseo_notices":[],"jetpack_sharing_enabled":true,"_links":{"self":[{"href":"https:\/\/pikaboo.ma\/index.php\/wp-json\/wp\/v2\/product\/49032","targetHints":{"allow":["GET"]}}],"collection":[{"href":"https:\/\/pikaboo.ma\/index.php\/wp-json\/wp\/v2\/product"}],"about":[{"href":"https:\/\/pikaboo.ma\/index.php\/wp-json\/wp\/v2\/types\/product"}],"version-history":[{"count":2,"href":"https:\/\/pikaboo.ma\/index.php\/wp-json\/wp\/v2\/product\/49032\/revisions"}],"predecessor-version":[{"id":49338,"href":"https:\/\/pikaboo.ma\/index.php\/wp-json\/wp\/v2\/product\/49032\/revisions\/49338"}],"wp:featuredmedia":[{"embeddable":true,"href":"https:\/\/pikaboo.ma\/index.php\/wp-json\/wp\/v2\/media\/48751"}],"wp:attachment":[{"href":"https:\/\/pikaboo.ma\/index.php\/wp-json\/wp\/v2\/media?parent=49032"}],"wp:term":[{"taxonomy":"product_brand","embeddable":true,"href":"https:\/\/pikaboo.ma\/index.php\/wp-json\/wp\/v2\/product_brand?post=49032"},{"taxonomy":"product_cat","embeddable":true,"href":"https:\/\/pikaboo.ma\/index.php\/wp-json\/wp\/v2\/product_cat?post=49032"},{"taxonomy":"product_tag","embeddable":true,"href":"https:\/\/pikaboo.ma\/index.php\/wp-json\/wp\/v2\/product_tag?post=49032"}],"curies":[{"name":"wp","href":"https:\/\/api.w.org\/{rel}","templated":true}]}}