{"id":49083,"date":"2025-05-08T00:36:27","date_gmt":"2025-05-08T00:36:27","guid":{"rendered":"https:\/\/pikaboo.ma\/?post_type=product&#038;p=49083"},"modified":"2025-05-21T10:47:33","modified_gmt":"2025-05-21T10:47:33","slug":"chaussettes-antiderapantes-unies-motif-rond-garcon","status":"publish","type":"product","link":"https:\/\/pikaboo.ma\/index.php\/produit\/chaussettes-antiderapantes-unies-motif-rond-garcon\/","title":{"rendered":"chaussettes antid\u00e9rapantes unies motif rond gar\u00e7on"},"content":{"rendered":"<p>Chaussettes adapt\u00e9es au pieds de b\u00e9b\u00e9 qui peuvent l&#8217;accompagner dans ses premiers pas, sa d\u00e9couverte et ses jeux gr\u00e2ce \u00e0 une finition antid\u00e9rapante. Disponible en blanc, ecru et bleu.<\/p>\n","protected":false},"excerpt":{"rendered":"<p>Chaussettes adapt\u00e9es au pieds de b\u00e9b\u00e9 qui peuvent l&#8217;accompagner dans ses premiers pas, sa d\u00e9couverte et ses jeux gr\u00e2ce \u00e0 une finition antid\u00e9rapante. Disponible en blanc, ecru et bleu. <\/p>\n","protected":false},"featured_media":48766,"template":"","meta":[],"product_brand":[],"product_cat":[33,45,40,50],"product_tag":[],"class_list":{"0":"post-49083","1":"product","2":"type-product","3":"status-publish","4":"has-post-thumbnail","6":"product_cat-accessoires-garcon","7":"product_cat-accessoires-fille","8":"product_cat-fille","9":"product_cat-garcon","12":"first","13":"instock","14":"purchasable","15":"product-type-variable"},"aioseo_notices":[],"jetpack_sharing_enabled":true,"_links":{"self":[{"href":"https:\/\/pikaboo.ma\/index.php\/wp-json\/wp\/v2\/product\/49083","targetHints":{"allow":["GET"]}}],"collection":[{"href":"https:\/\/pikaboo.ma\/index.php\/wp-json\/wp\/v2\/product"}],"about":[{"href":"https:\/\/pikaboo.ma\/index.php\/wp-json\/wp\/v2\/types\/product"}],"version-history":[{"count":2,"href":"https:\/\/pikaboo.ma\/index.php\/wp-json\/wp\/v2\/product\/49083\/revisions"}],"predecessor-version":[{"id":49345,"href":"https:\/\/pikaboo.ma\/index.php\/wp-json\/wp\/v2\/product\/49083\/revisions\/49345"}],"wp:featuredmedia":[{"embeddable":true,"href":"https:\/\/pikaboo.ma\/index.php\/wp-json\/wp\/v2\/media\/48766"}],"wp:attachment":[{"href":"https:\/\/pikaboo.ma\/index.php\/wp-json\/wp\/v2\/media?parent=49083"}],"wp:term":[{"taxonomy":"product_brand","embeddable":true,"href":"https:\/\/pikaboo.ma\/index.php\/wp-json\/wp\/v2\/product_brand?post=49083"},{"taxonomy":"product_cat","embeddable":true,"href":"https:\/\/pikaboo.ma\/index.php\/wp-json\/wp\/v2\/product_cat?post=49083"},{"taxonomy":"product_tag","embeddable":true,"href":"https:\/\/pikaboo.ma\/index.php\/wp-json\/wp\/v2\/product_tag?post=49083"}],"curies":[{"name":"wp","href":"https:\/\/api.w.org\/{rel}","templated":true}]}}