{"id":49129,"date":"2025-05-08T00:36:33","date_gmt":"2025-05-08T00:36:33","guid":{"rendered":"https:\/\/pikaboo.ma\/?post_type=product&#038;p=49129"},"modified":"2025-05-21T10:19:49","modified_gmt":"2025-05-21T10:19:49","slug":"barboteuse-beige-col-rond-avec-details-brodes-et-design-a-fronces","status":"publish","type":"product","link":"https:\/\/pikaboo.ma\/index.php\/produit\/barboteuse-beige-col-rond-avec-details-brodes-et-design-a-fronces\/","title":{"rendered":"barboteuse beige col rond avec d\u00e9tails brod\u00e9s et design \u00e0 fronces"},"content":{"rendered":"<p>Cette tenue pleine de style pr\u00e9sente une barboteuse sans manches effet lin avec col rond \u00e9cru brod\u00e9 et un design effet fronces au niveau de la taille et des pieds pour mettre en valeur votre petite boule d&#8217;amour.<\/p>\n","protected":false},"excerpt":{"rendered":"<p>Cette tenue pleine de style pr\u00e9sente une barboteuse sans manches effet lin avec col rond \u00e9cru brod\u00e9 et un design effet fronces au niveau de la taille et des pieds pour mettre en valeur votre petite boule d&#8217;amour.   <\/p>\n","protected":false},"featured_media":48776,"template":"","meta":[],"product_brand":[],"product_cat":[40,51],"product_tag":[],"class_list":{"0":"post-49129","1":"product","2":"type-product","3":"status-publish","4":"has-post-thumbnail","6":"product_cat-fille","7":"product_cat-combinaisons-fille","10":"first","11":"instock","12":"purchasable","13":"product-type-variable"},"aioseo_notices":[],"jetpack_sharing_enabled":true,"_links":{"self":[{"href":"https:\/\/pikaboo.ma\/index.php\/wp-json\/wp\/v2\/product\/49129","targetHints":{"allow":["GET"]}}],"collection":[{"href":"https:\/\/pikaboo.ma\/index.php\/wp-json\/wp\/v2\/product"}],"about":[{"href":"https:\/\/pikaboo.ma\/index.php\/wp-json\/wp\/v2\/types\/product"}],"version-history":[{"count":2,"href":"https:\/\/pikaboo.ma\/index.php\/wp-json\/wp\/v2\/product\/49129\/revisions"}],"predecessor-version":[{"id":49353,"href":"https:\/\/pikaboo.ma\/index.php\/wp-json\/wp\/v2\/product\/49129\/revisions\/49353"}],"wp:featuredmedia":[{"embeddable":true,"href":"https:\/\/pikaboo.ma\/index.php\/wp-json\/wp\/v2\/media\/48776"}],"wp:attachment":[{"href":"https:\/\/pikaboo.ma\/index.php\/wp-json\/wp\/v2\/media?parent=49129"}],"wp:term":[{"taxonomy":"product_brand","embeddable":true,"href":"https:\/\/pikaboo.ma\/index.php\/wp-json\/wp\/v2\/product_brand?post=49129"},{"taxonomy":"product_cat","embeddable":true,"href":"https:\/\/pikaboo.ma\/index.php\/wp-json\/wp\/v2\/product_cat?post=49129"},{"taxonomy":"product_tag","embeddable":true,"href":"https:\/\/pikaboo.ma\/index.php\/wp-json\/wp\/v2\/product_tag?post=49129"}],"curies":[{"name":"wp","href":"https:\/\/api.w.org\/{rel}","templated":true}]}}