{"id":49135,"date":"2025-05-08T00:36:33","date_gmt":"2025-05-08T00:36:33","guid":{"rendered":"https:\/\/pikaboo.ma\/?post_type=product&#038;p=49135"},"modified":"2025-05-21T09:01:42","modified_gmt":"2025-05-21T09:01:42","slug":"tenue-petit-bonhomme-grande-soiree-avec-pull-en-maille-ecru-et-noeud-papillon","status":"publish","type":"product","link":"https:\/\/pikaboo.ma\/index.php\/produit\/tenue-petit-bonhomme-grande-soiree-avec-pull-en-maille-ecru-et-noeud-papillon\/","title":{"rendered":"Tenue petit bonhomme grande soir\u00e9e avec pull en maille \u00e9cru et N\u0153ud Papillon"},"content":{"rendered":"<p>petite tenue effet smoking sport avec pantalon noir, chemise l\u00e9g\u00e8re et pull en maille \u00e9cru, le tout couronn\u00e9 par un noeud papillon noir&#8230; Effet gentleman garanti pour votre petit.<\/p>\n","protected":false},"excerpt":{"rendered":"<p>petite tenue effet smoking sport avec pantalon noir, chemise l\u00e9g\u00e8re et pull en maille \u00e9cru, le tout couronn\u00e9 par un noeud papillon noir&#8230; Effet gentleman garanti pour votre petit. <\/p>\n","protected":false},"featured_media":48784,"template":"","meta":[],"product_brand":[],"product_cat":[50,19],"product_tag":[],"class_list":{"0":"post-49135","1":"product","2":"type-product","3":"status-publish","4":"has-post-thumbnail","6":"product_cat-garcon","7":"product_cat-ensembles-garcon","10":"first","11":"instock","12":"featured","13":"purchasable","14":"product-type-variable"},"aioseo_notices":[],"jetpack_sharing_enabled":true,"_links":{"self":[{"href":"https:\/\/pikaboo.ma\/index.php\/wp-json\/wp\/v2\/product\/49135","targetHints":{"allow":["GET"]}}],"collection":[{"href":"https:\/\/pikaboo.ma\/index.php\/wp-json\/wp\/v2\/product"}],"about":[{"href":"https:\/\/pikaboo.ma\/index.php\/wp-json\/wp\/v2\/types\/product"}],"version-history":[{"count":2,"href":"https:\/\/pikaboo.ma\/index.php\/wp-json\/wp\/v2\/product\/49135\/revisions"}],"predecessor-version":[{"id":49356,"href":"https:\/\/pikaboo.ma\/index.php\/wp-json\/wp\/v2\/product\/49135\/revisions\/49356"}],"wp:featuredmedia":[{"embeddable":true,"href":"https:\/\/pikaboo.ma\/index.php\/wp-json\/wp\/v2\/media\/48784"}],"wp:attachment":[{"href":"https:\/\/pikaboo.ma\/index.php\/wp-json\/wp\/v2\/media?parent=49135"}],"wp:term":[{"taxonomy":"product_brand","embeddable":true,"href":"https:\/\/pikaboo.ma\/index.php\/wp-json\/wp\/v2\/product_brand?post=49135"},{"taxonomy":"product_cat","embeddable":true,"href":"https:\/\/pikaboo.ma\/index.php\/wp-json\/wp\/v2\/product_cat?post=49135"},{"taxonomy":"product_tag","embeddable":true,"href":"https:\/\/pikaboo.ma\/index.php\/wp-json\/wp\/v2\/product_tag?post=49135"}],"curies":[{"name":"wp","href":"https:\/\/api.w.org\/{rel}","templated":true}]}}