{"id":49176,"date":"2025-05-08T01:23:12","date_gmt":"2025-05-08T01:23:12","guid":{"rendered":"https:\/\/pikaboo.ma\/?post_type=product&#038;p=49176"},"modified":"2025-05-11T13:42:00","modified_gmt":"2025-05-11T13:42:00","slug":"coffret-de-naissance-10-pieces-fille-tout-doux-finition-a-motifs-terracotta","status":"publish","type":"product","link":"https:\/\/pikaboo.ma\/index.php\/produit\/coffret-de-naissance-10-pieces-fille-tout-doux-finition-a-motifs-terracotta\/","title":{"rendered":"Coffret de naissance 10 pi\u00e8ces fille tout doux finition \u00e0 motifs terracotta"},"content":{"rendered":"<p>Set complet \u00e0 se procurer pour la maternit\u00e9 ou offrir en cadeau comprenant: une grenouill\u00e8re, une tenue form\u00e9e d&#8217;un haut et d&#8217;un pantalon aux pieds ferm\u00e9s, d&#8217;un body, un sous v\u00eatement cache-coeur, un bonnet, des moufles, une petite couverture, un bavoir et un mouchoir<\/p>\n","protected":false},"excerpt":{"rendered":"<p>Set complet \u00e0 se procurer pour la maternit\u00e9 ou offrir en cadeau comprenant: une grenouill\u00e8re, une tenue form\u00e9e d&#8217;un haut et d&#8217;un pantalon aux pieds ferm\u00e9s, d&#8217;un body, un sous v\u00eatement cache-coeur, un bonnet, des moufles, une petite couverture, un bavoir et un mouchoir<\/p>\n","protected":false},"featured_media":48749,"template":"","meta":[],"product_brand":[],"product_cat":[40,41],"product_tag":[],"class_list":{"0":"post-49176","1":"product","2":"type-product","3":"status-publish","4":"has-post-thumbnail","6":"product_cat-fille","7":"product_cat-ensembles-fille","10":"first","11":"instock","12":"featured","13":"purchasable","14":"product-type-simple"},"aioseo_notices":[],"jetpack_sharing_enabled":true,"_links":{"self":[{"href":"https:\/\/pikaboo.ma\/index.php\/wp-json\/wp\/v2\/product\/49176","targetHints":{"allow":["GET"]}}],"collection":[{"href":"https:\/\/pikaboo.ma\/index.php\/wp-json\/wp\/v2\/product"}],"about":[{"href":"https:\/\/pikaboo.ma\/index.php\/wp-json\/wp\/v2\/types\/product"}],"version-history":[{"count":2,"href":"https:\/\/pikaboo.ma\/index.php\/wp-json\/wp\/v2\/product\/49176\/revisions"}],"predecessor-version":[{"id":49358,"href":"https:\/\/pikaboo.ma\/index.php\/wp-json\/wp\/v2\/product\/49176\/revisions\/49358"}],"wp:featuredmedia":[{"embeddable":true,"href":"https:\/\/pikaboo.ma\/index.php\/wp-json\/wp\/v2\/media\/48749"}],"wp:attachment":[{"href":"https:\/\/pikaboo.ma\/index.php\/wp-json\/wp\/v2\/media?parent=49176"}],"wp:term":[{"taxonomy":"product_brand","embeddable":true,"href":"https:\/\/pikaboo.ma\/index.php\/wp-json\/wp\/v2\/product_brand?post=49176"},{"taxonomy":"product_cat","embeddable":true,"href":"https:\/\/pikaboo.ma\/index.php\/wp-json\/wp\/v2\/product_cat?post=49176"},{"taxonomy":"product_tag","embeddable":true,"href":"https:\/\/pikaboo.ma\/index.php\/wp-json\/wp\/v2\/product_tag?post=49176"}],"curies":[{"name":"wp","href":"https:\/\/api.w.org\/{rel}","templated":true}]}}