{"id":49177,"date":"2025-05-08T01:23:12","date_gmt":"2025-05-08T01:23:12","guid":{"rendered":"https:\/\/pikaboo.ma\/?post_type=product&#038;p=49177"},"modified":"2025-05-21T08:44:05","modified_gmt":"2025-05-21T08:44:05","slug":"barboteuse-sans-manches-ecrue-effet-lin-avec-boutons-et-dentelle-fine","status":"publish","type":"product","link":"https:\/\/pikaboo.ma\/index.php\/produit\/barboteuse-sans-manches-ecrue-effet-lin-avec-boutons-et-dentelle-fine\/","title":{"rendered":"barboteuse sans manches \u00e9crue effet lin avec boutons et dentelle fine"},"content":{"rendered":"<p>Barboteuse adapt\u00e9e \u00e0 la fra\u00eecheur de l&#8217;\u00e9t\u00e9, avec un tissu tout frais et une finition \u00e9l\u00e9gante de couleur terracotta, allant jusqu&#8217;aux plus petits d\u00e9tails. Un v\u00e9ritable \u00e9quilibre entre praticit\u00e9 et style pour votre petite ch\u00e9rie.<\/p>\n","protected":false},"excerpt":{"rendered":"<p>Barboteuse adapt\u00e9e \u00e0 la fra\u00eecheur de l&#8217;\u00e9t\u00e9, avec un tissu tout frais et une finition \u00e9l\u00e9gante de couleur terracotta, allant jusqu&#8217;aux plus petits d\u00e9tails. Un v\u00e9ritable \u00e9quilibre entre praticit\u00e9 et style pour votre petite ch\u00e9rie.<\/p>\n","protected":false},"featured_media":48754,"template":"","meta":[],"product_brand":[],"product_cat":[40,51],"product_tag":[],"class_list":{"0":"post-49177","1":"product","2":"type-product","3":"status-publish","4":"has-post-thumbnail","6":"product_cat-fille","7":"product_cat-combinaisons-fille","10":"first","11":"instock","12":"purchasable","13":"product-type-variable"},"aioseo_notices":[],"jetpack_sharing_enabled":true,"_links":{"self":[{"href":"https:\/\/pikaboo.ma\/index.php\/wp-json\/wp\/v2\/product\/49177","targetHints":{"allow":["GET"]}}],"collection":[{"href":"https:\/\/pikaboo.ma\/index.php\/wp-json\/wp\/v2\/product"}],"about":[{"href":"https:\/\/pikaboo.ma\/index.php\/wp-json\/wp\/v2\/types\/product"}],"version-history":[{"count":4,"href":"https:\/\/pikaboo.ma\/index.php\/wp-json\/wp\/v2\/product\/49177\/revisions"}],"predecessor-version":[{"id":50022,"href":"https:\/\/pikaboo.ma\/index.php\/wp-json\/wp\/v2\/product\/49177\/revisions\/50022"}],"wp:featuredmedia":[{"embeddable":true,"href":"https:\/\/pikaboo.ma\/index.php\/wp-json\/wp\/v2\/media\/48754"}],"wp:attachment":[{"href":"https:\/\/pikaboo.ma\/index.php\/wp-json\/wp\/v2\/media?parent=49177"}],"wp:term":[{"taxonomy":"product_brand","embeddable":true,"href":"https:\/\/pikaboo.ma\/index.php\/wp-json\/wp\/v2\/product_brand?post=49177"},{"taxonomy":"product_cat","embeddable":true,"href":"https:\/\/pikaboo.ma\/index.php\/wp-json\/wp\/v2\/product_cat?post=49177"},{"taxonomy":"product_tag","embeddable":true,"href":"https:\/\/pikaboo.ma\/index.php\/wp-json\/wp\/v2\/product_tag?post=49177"}],"curies":[{"name":"wp","href":"https:\/\/api.w.org\/{rel}","templated":true}]}}