{"id":49216,"date":"2025-05-08T01:23:17","date_gmt":"2025-05-08T01:23:17","guid":{"rendered":"https:\/\/pikaboo.ma\/?post_type=product&#038;p=49216"},"modified":"2025-05-20T21:21:25","modified_gmt":"2025-05-20T21:21:25","slug":"cardigan-vieux-rose-toutes-occasions-avec-boutons-perles","status":"publish","type":"product","link":"https:\/\/pikaboo.ma\/index.php\/produit\/cardigan-vieux-rose-toutes-occasions-avec-boutons-perles\/","title":{"rendered":"Cardigan vieux rose toutes occasions avec boutons perl\u00e9s"},"content":{"rendered":"<p>petit cardigan pour les journ\u00e9es ou soir\u00e9es fra\u00eeches avec boutons \u00e9l\u00e9gants perl\u00e9s \u00e0 porter au dessus d&#8217;une robe classique ou d&#8217;une tenue de jour<\/p>\n","protected":false},"excerpt":{"rendered":"<p>petit cardigan pour les journ\u00e9es ou soir\u00e9es fra\u00eeches avec boutons \u00e9l\u00e9gants perl\u00e9s \u00e0 porter au dessus d&#8217;une robe classique ou d&#8217;une tenue de jour<\/p>\n","protected":false},"featured_media":48783,"template":"","meta":[],"product_brand":[],"product_cat":[40,55],"product_tag":[],"class_list":{"0":"post-49216","1":"product","2":"type-product","3":"status-publish","4":"has-post-thumbnail","6":"product_cat-fille","7":"product_cat-gilets-cardigans-fille","10":"first","11":"instock","12":"purchasable","13":"product-type-variable"},"aioseo_notices":[],"jetpack_sharing_enabled":true,"_links":{"self":[{"href":"https:\/\/pikaboo.ma\/index.php\/wp-json\/wp\/v2\/product\/49216","targetHints":{"allow":["GET"]}}],"collection":[{"href":"https:\/\/pikaboo.ma\/index.php\/wp-json\/wp\/v2\/product"}],"about":[{"href":"https:\/\/pikaboo.ma\/index.php\/wp-json\/wp\/v2\/types\/product"}],"version-history":[{"count":3,"href":"https:\/\/pikaboo.ma\/index.php\/wp-json\/wp\/v2\/product\/49216\/revisions"}],"predecessor-version":[{"id":49366,"href":"https:\/\/pikaboo.ma\/index.php\/wp-json\/wp\/v2\/product\/49216\/revisions\/49366"}],"wp:featuredmedia":[{"embeddable":true,"href":"https:\/\/pikaboo.ma\/index.php\/wp-json\/wp\/v2\/media\/48783"}],"wp:attachment":[{"href":"https:\/\/pikaboo.ma\/index.php\/wp-json\/wp\/v2\/media?parent=49216"}],"wp:term":[{"taxonomy":"product_brand","embeddable":true,"href":"https:\/\/pikaboo.ma\/index.php\/wp-json\/wp\/v2\/product_brand?post=49216"},{"taxonomy":"product_cat","embeddable":true,"href":"https:\/\/pikaboo.ma\/index.php\/wp-json\/wp\/v2\/product_cat?post=49216"},{"taxonomy":"product_tag","embeddable":true,"href":"https:\/\/pikaboo.ma\/index.php\/wp-json\/wp\/v2\/product_tag?post=49216"}],"curies":[{"name":"wp","href":"https:\/\/api.w.org\/{rel}","templated":true}]}}